{"id":8,"date":"2018-11-26T12:46:25","date_gmt":"2018-11-26T12:46:25","guid":{"rendered":"https:\/\/websitedemos.net\/alex26\/?page_id=8"},"modified":"2021-12-08T16:53:20","modified_gmt":"2021-12-08T16:53:20","slug":"servicios","status":"publish","type":"page","link":"http:\/\/asviasa.com.ar\/inicio\/servicios\/","title":{"rendered":"Servicios"},"content":{"rendered":"<p>[et_pb_section fb_built=\u00bb1&#8243; admin_label=\u00bbFeature &#8211; Image Right\u00bb _builder_version=\u00bb4.5.1&#8243; background_image=\u00bbhttp:\/\/asviasa.com.ar\/inicio\/wp-content\/uploads\/2021\/03\/DSC_0160a-scaled.jpg\u00bb background_position=\u00bbbottom_center\u00bb custom_margin=\u00bb||140px||false|false\u00bb custom_padding=\u00bb50px||0px||false|false\u00bb hover_enabled=\u00bb0&#8243; title_text=\u00bbDSC_0160a\u00bb][et_pb_row _builder_version=\u00bb4.5.1&#8243; module_alignment=\u00bbcenter\u00bb custom_margin=\u00bb|||\u00bb animation_style=\u00bbfade\u00bb use_custom_width=\u00bbon\u00bb width_unit=\u00bboff\u00bb custom_width_percent=\u00bb90%\u00bb][et_pb_column type=\u00bb4_4&#8243; _builder_version=\u00bb4.5.1&#8243; custom_padding__hover=\u00bb|||\u00bb][et_pb_text _builder_version=\u00bb4.5.1&#8243; text_font=\u00bb||||||||\u00bb header_font=\u00bb||||||||\u00bb header_2_font=\u00bbPlayfair Display|700|||||||\u00bb header_2_font_size=\u00bb38px\u00bb header_2_letter_spacing=\u00bb1px\u00bb header_2_line_height=\u00bb1.4em\u00bb header_3_font=\u00bbPoppins|700||on|||||\u00bb header_3_text_color=\u00bb#ffffff\u00bb header_3_font_size=\u00bb14px\u00bb header_3_letter_spacing=\u00bb1px\u00bb header_3_line_height=\u00bb2em\u00bb text_orientation=\u00bbcenter\u00bb]<\/p>\n<h3>una decisi\u00f3n inteligente<\/h3>\n<h2>Nuestros Servicios<\/h2>\n<p>[\/et_pb_text][et_pb_divider color=\u00bb#edbb5f\u00bb divider_weight=\u00bb2px\u00bb _builder_version=\u00bb4.5.1&#8243; max_width=\u00bb60px\u00bb module_alignment=\u00bbcenter\u00bb height=\u00bb2px\u00bb][\/et_pb_divider][et_pb_text _builder_version=\u00bb4.5.1&#8243; text_font=\u00bbPoppins||||||||\u00bb text_font_size=\u00bb16px\u00bb text_letter_spacing=\u00bb1px\u00bb text_line_height=\u00bb2em\u00bb text_orientation=\u00bbcenter\u00bb max_width=\u00bb550px\u00bb module_alignment=\u00bbcenter\u00bb hover_enabled=\u00bb0&#8243;]Servicios de construcci\u00f3n y gesti\u00f3n de obras de infraestructura y arquitectura varias. Servicios de asistencia t\u00e9cnica para la direcci\u00f3n y ejecuci\u00f3n de obras general[\/et_pb_text][\/et_pb_column][\/et_pb_row][et_pb_row column_structure=\u00bb1_6,1_6,1_6,1_6,1_6,1_6&#8243; use_custom_gutter=\u00bbon\u00bb gutter_width=\u00bb1&#8243; _builder_version=\u00bb4.5.1&#8243; _module_preset=\u00bbdefault\u00bb width=\u00bb100%\u00bb max_width=\u00bb1920px\u00bb hover_enabled=\u00bb0&#8243; custom_margin=\u00bb50px||||false|false\u00bb][et_pb_column type=\u00bb1_6&#8243; _builder_version=\u00bb4.5.1&#8243; _module_preset=\u00bbdefault\u00bb][et_pb_text _builder_version=\u00bb4.5.1&#8243; _module_preset=\u00bbdefault\u00bb text_text_color=\u00bb#ffffff\u00bb header_2_font=\u00bbPoppins||||||||\u00bb header_2_text_color=\u00bb#ffffff\u00bb background_color=\u00bb#e09900&#8243; custom_padding=\u00bb20px|20px|20px|20px|false|false\u00bb custom_css_main_element=\u00bbmin-height: 270px;\u00bb]<\/p>\n<h2><strong>Obras viales<\/strong><\/h2>\n<p>Pavimentos Rigidos, Pavimentros Felixibles, Pav Articulados. Tratamientos con emulsiones asfalticas. Pavimentos con carpeta en frio.<br \/> Tratamiento de bases con Cal o Cemento. Estabilizados p\u00e9treos<\/p>\n<p>[\/et_pb_text][\/et_pb_column][et_pb_column type=\u00bb1_6&#8243; _builder_version=\u00bb4.5.1&#8243; _module_preset=\u00bbdefault\u00bb][et_pb_text _builder_version=\u00bb4.5.1&#8243; _module_preset=\u00bbdefault\u00bb text_text_color=\u00bb#ffffff\u00bb header_2_font=\u00bbPoppins||||||||\u00bb header_2_text_color=\u00bb#ffffff\u00bb background_color=\u00bb#edbb5f\u00bb custom_padding=\u00bb20px|20px|20px|20px|false|false\u00bb custom_css_main_element=\u00bbmin-height: 270px;\u00bb]<\/p>\n<h2><strong>Obras Hidr\u00e1ulicas<\/strong><\/h2>\n<ul>\n<li>Zanjeos<\/li>\n<li>Construcci\u00f3n de reservorios<\/li>\n<li>Excavaci\u00f3n de lagunas.<\/li>\n<\/ul>\n<p>[\/et_pb_text][\/et_pb_column][et_pb_column type=\u00bb1_6&#8243; _builder_version=\u00bb4.5.1&#8243; _module_preset=\u00bbdefault\u00bb][et_pb_text _builder_version=\u00bb4.5.1&#8243; _module_preset=\u00bbdefault\u00bb text_text_color=\u00bb#ffffff\u00bb header_2_font=\u00bbPoppins||||||||\u00bb header_2_text_color=\u00bb#ffffff\u00bb background_color=\u00bb#e09900&#8243; custom_padding=\u00bb20px|20px|20px|20px|false|false\u00bb custom_css_main_element=\u00bbmin-height: 270px;\u00bb]<\/p>\n<h2><strong>Otros<\/strong><\/h2>\n<ul>\n<li>Movimiento de suelo<\/li>\n<li>Cunetas<\/li>\n<li>Plateas<\/li>\n<li>Pisos industriales<\/li>\n<\/ul>\n<p>[\/et_pb_text][\/et_pb_column][et_pb_column type=\u00bb1_6&#8243; _builder_version=\u00bb4.5.1&#8243; _module_preset=\u00bbdefault\u00bb][et_pb_text _builder_version=\u00bb4.5.1&#8243; _module_preset=\u00bbdefault\u00bb text_text_color=\u00bb#ffffff\u00bb header_2_font=\u00bbPoppins||||||||\u00bb header_2_text_color=\u00bb#ffffff\u00bb background_color=\u00bb#edbb5f\u00bb custom_padding=\u00bb20px|20px|20px|20px|false|false\u00bb custom_css_main_element=\u00bbmin-height: 270px;\u00bb]<\/p>\n<h2><strong>Construccion e instalacion de redes varias<\/strong><\/h2>\n<ul>\n<li>Red de cloacas<\/li>\n<li>Red de agua<\/li>\n<li>Red de telecomunicaciones<\/li>\n<\/ul>\n<p>[\/et_pb_text][\/et_pb_column][et_pb_column type=\u00bb1_6&#8243; _builder_version=\u00bb4.5.1&#8243; _module_preset=\u00bbdefault\u00bb][et_pb_text _builder_version=\u00bb4.5.1&#8243; _module_preset=\u00bbdefault\u00bb text_text_color=\u00bb#ffffff\u00bb header_2_font=\u00bbPoppins||||||||\u00bb header_2_text_color=\u00bb#ffffff\u00bb background_color=\u00bb#e09900&#8243; custom_padding=\u00bb20px|20px|20px|20px|false|false\u00bb custom_css_main_element=\u00bbmin-height: 270px;\u00bb]<\/p>\n<h2><strong>Construcci\u00f3n de obras civiles o de arquitectura<\/strong><\/h2>\n<p>[\/et_pb_text][\/et_pb_column][et_pb_column type=\u00bb1_6&#8243; _builder_version=\u00bb4.5.1&#8243; _module_preset=\u00bbdefault\u00bb][et_pb_text _builder_version=\u00bb4.5.1&#8243; _module_preset=\u00bbdefault\u00bb text_text_color=\u00bb#ffffff\u00bb header_2_font=\u00bbPoppins||||||||\u00bb header_2_text_color=\u00bb#ffffff\u00bb background_color=\u00bb#edbb5f\u00bb custom_padding=\u00bb20px|20px|20px|20px|false|false\u00bb custom_css_main_element=\u00bbmin-height: 270px;\u00bb]<\/p>\n<h2><strong>Desarrollo de proyectos y gesti\u00f3n de obra<\/strong><\/h2>\n<p>[\/et_pb_text][\/et_pb_column][\/et_pb_row][\/et_pb_section][et_pb_section fb_built=\u00bb1&#8243; admin_label=\u00bbWhat We Do\u00bb _builder_version=\u00bb4.5.1&#8243; background_color=\u00bb#2f2f2f\u00bb background_image=\u00bbhttp:\/\/asviasa.com.ar\/inicio\/wp-content\/uploads\/2021\/12\/banner-01.png\u00bb custom_margin=\u00bb|||\u00bb custom_padding=\u00bb0px|0px|100px|0px\u00bb hover_enabled=\u00bb0&#8243; title_text=\u00bbbanner-01&#8243;][et_pb_row column_structure=\u00bb1_2,1_2&#8243; use_custom_gutter=\u00bbon\u00bb gutter_width=\u00bb0&#8243; _builder_version=\u00bb3.25&#8243; custom_padding=\u00bb0px|0px|0px|0px\u00bb][et_pb_column type=\u00bb1_2&#8243; _builder_version=\u00bb3.25&#8243; custom_padding=\u00bb|||\u00bb custom_padding__hover=\u00bb|||\u00bb][et_pb_cta title=\u00bbCALIDAD &#038; COMPROMISO\u00bb button_url=\u00bb#\u00bb button_text=\u00bbCONTACTENOS\u00bb _builder_version=\u00bb4.5.1&#8243; header_font=\u00bbPoppins|700||on|||||\u00bb header_font_size=\u00bb14px\u00bb header_letter_spacing=\u00bb2px\u00bb header_line_height=\u00bb2em\u00bb body_font=\u00bbPlayfair Display|700||on|||||\u00bb body_font_size=\u00bb38px\u00bb body_line_height=\u00bb1.4em\u00bb background_color=\u00bb#edbb5f\u00bb custom_button=\u00bbon\u00bb button_text_color=\u00bb#f3cd7e\u00bb button_bg_color=\u00bb#ffffff\u00bb button_border_width=\u00bb0px\u00bb button_border_radius=\u00bb0px\u00bb button_letter_spacing=\u00bb1px\u00bb button_font=\u00bbSaira Extra Condensed|600||on|||||\u00bb button_icon=\u00bb%%3%%\u00bb custom_margin=\u00bb-100px|||\u00bb custom_padding=\u00bb60px||60px|\u00bb animation_style=\u00bbslide\u00bb animation_direction=\u00bbbottom\u00bb animation_intensity_slide=\u00bb10%\u00bb animation_starting_opacity=\u00bb100%\u00bb body_font_size_tablet=\u00bb\u00bb body_font_size_phone=\u00bb22px\u00bb body_font_size_last_edited=\u00bbon|phone\u00bb box_shadow_style=\u00bbpreset3&#8243; box_shadow_vertical=\u00bb15px\u00bb box_shadow_blur=\u00bb80px\u00bb box_shadow_color=\u00bbrgba(0,0,0,0.15)\u00bb button_border_radius_hover=\u00bb1px\u00bb locked=\u00bboff\u00bb button_text_size__hover_enabled=\u00bboff\u00bb button_one_text_size__hover_enabled=\u00bboff\u00bb button_two_text_size__hover_enabled=\u00bboff\u00bb button_text_color__hover_enabled=\u00bboff\u00bb button_one_text_color__hover_enabled=\u00bboff\u00bb button_two_text_color__hover_enabled=\u00bboff\u00bb button_border_width__hover_enabled=\u00bboff\u00bb button_one_border_width__hover_enabled=\u00bboff\u00bb button_two_border_width__hover_enabled=\u00bboff\u00bb button_border_color__hover_enabled=\u00bboff\u00bb button_one_border_color__hover_enabled=\u00bboff\u00bb button_two_border_color__hover_enabled=\u00bboff\u00bb button_border_radius__hover_enabled=\u00bbon\u00bb button_border_radius__hover=\u00bb1px\u00bb button_one_border_radius__hover_enabled=\u00bboff\u00bb button_two_border_radius__hover_enabled=\u00bboff\u00bb button_letter_spacing__hover_enabled=\u00bboff\u00bb button_one_letter_spacing__hover_enabled=\u00bboff\u00bb button_two_letter_spacing__hover_enabled=\u00bboff\u00bb button_bg_color__hover_enabled=\u00bboff\u00bb button_one_bg_color__hover_enabled=\u00bboff\u00bb button_two_bg_color__hover_enabled=\u00bboff\u00bb]OBRAS Y PROYECTOS RECIENTES[\/et_pb_cta][\/et_pb_column][et_pb_column type=\u00bb1_2&#8243; _builder_version=\u00bb3.25&#8243; custom_padding=\u00bb|||\u00bb custom_padding__hover=\u00bb|||\u00bb][et_pb_text _builder_version=\u00bb4.5.1&#8243; text_font=\u00bbPoppins|600||on|||||\u00bb ul_font=\u00bb||||||||\u00bb background_color=\u00bb#3d3d3d\u00bb background_layout=\u00bbdark\u00bb custom_margin=\u00bb-50px|||\u00bb custom_padding=\u00bb60px|60px|80px|60px\u00bb custom_padding_tablet=\u00bb\u00bb custom_padding_phone=\u00bb20px|20px|20px|20px|false|false\u00bb custom_padding_last_edited=\u00bbon|phone\u00bb animation_style=\u00bbslide\u00bb animation_direction=\u00bbtop\u00bb animation_duration=\u00bb1500ms\u00bb animation_intensity_slide=\u00bb10%\u00bb animation_starting_opacity=\u00bb100%\u00bb text_font_size_tablet=\u00bb\u00bb text_font_size_phone=\u00bb12px\u00bb text_font_size_last_edited=\u00bbon|phone\u00bb box_shadow_style=\u00bbpreset3&#8243; box_shadow_vertical=\u00bb15px\u00bb box_shadow_blur=\u00bb80px\u00bb box_shadow_color=\u00bbrgba(0,0,0,0.15)\u00bb]<\/p>\n<ul>\n<li>EJECUCI\u00d3N DE MOVIMIENTO DE SUELO, INFRASTETUCTURA VIAL, PLUVAL, AGUA, DESAGUES Y TELECOMUNICACIONES DE BARRIO BELL BARRI &#8211; CANNING<\/li>\n<li>OBRA CIVIL &#8211; CAMARA DE TRANSFORMACION EDESUR \u2013 AQUATRO \u2013 SAN VICENTE<\/li>\n<li>OBRA CIVIL \u2013 SALA REGULADORA DE GAS \u2013 METROGAS \u2013 PARQUE INDUSTRIAL PRIVADO SAN VICENTE<\/li>\n<li>RED DE DESAG\u00dcES . RED DE AGUA Y RED PARA TENDIDO DE TELECOMUNICACIONES EN EL PARQUE INDUSTRIAL SAN VICENTE.<\/li>\n<li>AMPLIACION RED VIAL \u2013 PAVIMENTO DE HORMIGON \u2013 PARQUE INDUSTRIAL SAN VICENTE<\/li>\n<li>REMODELACI\u00d3N ESTACI\u00d3N DE SERVICIO YPF ENSENADA<\/li>\n<li>REMODELACI\u00d3N DE PLANTA EMBOTELLADORA TOLVA HIDRANTE.<\/li>\n<li>TAREAS DE MEJORAS HIDR\u00c1ULICAS BARRIO DE SAN VICENTE.<\/li>\n<\/ul>\n<p>[\/et_pb_text][\/et_pb_column][\/et_pb_row][\/et_pb_section]<\/p>\n","protected":false},"excerpt":{"rendered":"<p>[et_pb_section fb_built=\u00bb1&#8243; admin_label=\u00bbFeature &#8211; Image Right\u00bb _builder_version=\u00bb4.5.1&#8243; background_image=\u00bbhttp:\/\/asviasa.com.ar\/inicio\/wp-content\/uploads\/2021\/03\/DSC_0160a-scaled.jpg\u00bb background_position=\u00bbbottom_center\u00bb custom_margin=\u00bb||140px||false|false\u00bb custom_padding=\u00bb50px||0px||false|false\u00bb hover_enabled=\u00bb0&#8243; title_text=\u00bbDSC_0160a\u00bb][et_pb_row _builder_version=\u00bb4.5.1&#8243; module_alignment=\u00bbcenter\u00bb custom_margin=\u00bb|||\u00bb animation_style=\u00bbfade\u00bb use_custom_width=\u00bbon\u00bb width_unit=\u00bboff\u00bb custom_width_percent=\u00bb90%\u00bb][et_pb_column type=\u00bb4_4&#8243; _builder_version=\u00bb4.5.1&#8243; custom_padding__hover=\u00bb|||\u00bb][et_pb_text _builder_version=\u00bb4.5.1&#8243; text_font=\u00bb||||||||\u00bb header_font=\u00bb||||||||\u00bb header_2_font=\u00bbPlayfair Display|700|||||||\u00bb header_2_font_size=\u00bb38px\u00bb header_2_letter_spacing=\u00bb1px\u00bb header_2_line_height=\u00bb1.4em\u00bb header_3_font=\u00bbPoppins|700||on|||||\u00bb header_3_text_color=\u00bb#ffffff\u00bb header_3_font_size=\u00bb14px\u00bb header_3_letter_spacing=\u00bb1px\u00bb header_3_line_height=\u00bb2em\u00bb text_orientation=\u00bbcenter\u00bb] una decisi\u00f3n inteligente Nuestros Servicios [\/et_pb_text][et_pb_divider color=\u00bb#edbb5f\u00bb divider_weight=\u00bb2px\u00bb _builder_version=\u00bb4.5.1&#8243; max_width=\u00bb60px\u00bb module_alignment=\u00bbcenter\u00bb height=\u00bb2px\u00bb][\/et_pb_divider][et_pb_text _builder_version=\u00bb4.5.1&#8243; text_font=\u00bbPoppins||||||||\u00bb text_font_size=\u00bb16px\u00bb text_letter_spacing=\u00bb1px\u00bb text_line_height=\u00bb2em\u00bb text_orientation=\u00bbcenter\u00bb [&hellip;]<\/p>\n","protected":false},"author":2,"featured_media":0,"parent":0,"menu_order":0,"comment_status":"closed","ping_status":"closed","template":"","meta":{"_et_pb_use_builder":"on","_et_pb_old_content":"<h5>Nuestros servicios<\/h5>\t\t\n\t\t\t<h2>Vocaci\u00f3n al actuar<\/h2>\t\t\n\t\t<p>Nuestro grupo de trabajo busca, incorporar continuamente el conocimiento y la tecnolog\u00eda para lograr la construcci\u00f3n de obras y provisi\u00f3n de materiales de alta calidad en el \u00e1mbito nacional.<\/p><p>Nuestro compromiso es diario<\/p>\t\t\n\t\t\t<h4>Obras viales - Movimiento de suelo<\/h4>\t\t\n\t\t<p>+ Pavimentos r\u00edgidos, flexibles y articulados.<\/p>\n<p>+ Paquetes estructurales, bases y sub bases.&nbsp;<\/p>\n<p>+ Tratamientos con cemento \/ cal.<\/p><p>+ Estabilizados p\u00e9treos.<\/p>\t\t\n\t\t\t<h4>Obra civil y Arquitectura<\/h4>\t\t\n\t\t<p>+ Urbanizaciones \/ Paisajismo.<\/p>\n<p>+ Naves industriales \/ Plateas.<\/p>\n<p>+ Viviendas unifamiliares y multifamiliares.<\/p>\n<p><\/p>\t\t\n\t\t\t<h4>Obras hidr\u00e1ulicas - Instalaciones<\/h4>\t\t\n\t\t<p>+ Cloaca \/ Agua \/ Tritubo.<\/p><p>+ Reservorios \/ Canalizaciones.<\/p><p>+ Entubamientos.<\/p><p>+ Geotextiles.<\/p>\t\t\n\t\t\t<h4>Asesoramiento y Gesti\u00f3n de obras <\/h4>\t\t\n\t\t<p>+ Direcci\u00f3n y Gesti\u00f3n de obras.<\/p>\n<p>+ Topograf\u00eda \/ Relevamientos.<\/p>\n<p>+ Proyectos viales.<\/p>\n<p>+ Documentaci\u00f3n de obra.<\/p>\t\t\n\t\t\t<h3>Esperamos tu consulta<\/h3>\t\t\n\t\t\t<a href=\"http:\/\/asviasa.com.ar\/contact\/\" role=\"button\">\n\t\t\t\t\t<\/a>","_et_gb_content_width":"","_joinchat":[],"footnotes":""},"class_list":["post-8","page","type-page","status-publish","hentry"],"_links":{"self":[{"href":"http:\/\/asviasa.com.ar\/inicio\/wp-json\/wp\/v2\/pages\/8","targetHints":{"allow":["GET"]}}],"collection":[{"href":"http:\/\/asviasa.com.ar\/inicio\/wp-json\/wp\/v2\/pages"}],"about":[{"href":"http:\/\/asviasa.com.ar\/inicio\/wp-json\/wp\/v2\/types\/page"}],"author":[{"embeddable":true,"href":"http:\/\/asviasa.com.ar\/inicio\/wp-json\/wp\/v2\/users\/2"}],"replies":[{"embeddable":true,"href":"http:\/\/asviasa.com.ar\/inicio\/wp-json\/wp\/v2\/comments?post=8"}],"version-history":[{"count":94,"href":"http:\/\/asviasa.com.ar\/inicio\/wp-json\/wp\/v2\/pages\/8\/revisions"}],"predecessor-version":[{"id":1892,"href":"http:\/\/asviasa.com.ar\/inicio\/wp-json\/wp\/v2\/pages\/8\/revisions\/1892"}],"wp:attachment":[{"href":"http:\/\/asviasa.com.ar\/inicio\/wp-json\/wp\/v2\/media?parent=8"}],"curies":[{"name":"wp","href":"https:\/\/api.w.org\/{rel}","templated":true}]}}